{"id":5665536,"date":"2021-01-16T17:11:02","date_gmt":"2021-01-16T14:11:02","guid":{"rendered":"https:\/\/bluememories.gr\/%cf%80%ce%bf%ce%bb%ce%b9%cf%84%ce%b9%ce%ba%ce%ae-%ce%b1%cf%80%ce%bf%cf%81%cf%81%ce%ae%cf%84%ce%bf%cf%85\/"},"modified":"2022-03-30T18:15:11","modified_gmt":"2022-03-30T15:15:11","slug":"politique-de-confidentialite","status":"publish","type":"page","link":"https:\/\/bluememories.gr\/fr\/politique-de-confidentialite\/","title":{"rendered":"Politique de confidentialit\u00e9"},"content":{"rendered":"<div class=\"wpb-content-wrapper\">[vc_row][vc_column][vc_column_text]Nous nous engageons \u00e0 garantir la protection de votre vie priv\u00e9e et nous nous efforcerons d&rsquo;utiliser toute information que vous fournissez lors de l&rsquo;utilisation de ce site Web conform\u00e9ment \u00e0 la pr\u00e9sente politique de confidentialit\u00e9.<\/p>\n<p>Cette politique de confidentialit\u00e9 explique quelles informations nous collectons, comment nous prot\u00e9geons les informations que vous nous soumettez et comment nous les utilisons.<\/p>\n<p>Nous pouvons modifier cette politique de temps \u00e0 autre en mettant \u00e0 jour cette page. Par cons\u00e9quent, nous vous sugg\u00e9rons de consulter cette page de temps en temps pour vous assurer que vous \u00eates au courant et que vous \u00eates satisfait de toute modification.<\/p>\n<p>&nbsp;<\/p>\n<p>Quelles informations collectons-nous?<\/p>\n<p>Les informations personnelles peuvent \u00eatre collect\u00e9es aupr\u00e8s de vous de diff\u00e9rentes mani\u00e8res, par exemple : &#8211;<\/p>\n<p>Informations sur votre ordinateur et sur vos visites et votre utilisation de ce site Web (il s&rsquo;agit d&rsquo;informations sur votre navigateur, votre adresse IP, votre emplacement g\u00e9n\u00e9ral tel que d\u00e9termin\u00e9 \u00e0 partir de votre adresse IP et fourni par votre navigateur, le site d&rsquo;o\u00f9 vous venez et le liens suivis en quittant notre site).<br \/>\nCes informations sont \u00e9galement collect\u00e9es par le biais de cookies<br \/>\nLorsque vous vous inscrivez aux newsletters. (cela inclut votre nom, votre adresse e-mail et tout autre d\u00e9tail demand\u00e9 et que vous fournissez)<\/p>\n<p>Comment les informations sont-elles utilis\u00e9es ?<\/p>\n<p>Nous utilisons ces informations pour comprendre vos besoins et vous fournir un meilleur service, et notamment pour les raisons suivantes :<\/p>\n<p>\u00c0 des fins statistiques et d&rsquo;analyse \u00e0 des fins de gestion afin d&rsquo;administrer le site Web ou d&rsquo;am\u00e9liorer nos produits et services.<br \/>\nTenue de dossiers internes et \u00e0 des fins administratives, et pour vous informer de nos \u00e9v\u00e9nements, services ou produits, ou d&rsquo;autres informations connexes qui, selon nous, pourraient vous int\u00e9resser, comme expliqu\u00e9 ci-dessus.<br \/>\nPour communiquer des messages marketing, des newsletters et des d\u00e9tails sur notre entreprise ou les entreprises de tiers soigneusement s\u00e9lectionn\u00e9s qui, selon nous, pourraient vous int\u00e9resser par courrier ou par e-mail ou par une technologie similaire (vous pouvez nous informer \u00e0 tout moment si vous n&rsquo;avez plus besoin de marketing communication).<br \/>\nDe temps \u00e0 autre, nous pouvons \u00e9galement utiliser vos informations pour vous contacter \u00e0 des fins d&rsquo;\u00e9tudes de march\u00e9 ou pour personnaliser le site Web en fonction de vos int\u00e9r\u00eats.<br \/>\nVos informations ne seront divulgu\u00e9es \u00e0 aucun tiers \u00e0 moins que vous n&rsquo;ayez donn\u00e9 votre consentement \u00e0 une telle divulgation. Vous pouvez \u00e0 tout moment nous demander de nous abstenir de vous envoyer des messages marketing en nous envoyant un e-mail avec les mots D\u00c9SABONNEMENT dans la case objet ou en nous envoyant un e-mail. Si nous vous contactons par e-mail chaque fois que vous recevez un message, vous aurez \u00e9galement la possibilit\u00e9 de refuser de recevoir d&rsquo;autres informations de ce type de notre part.<\/p>\n<p>Si vous souhaitez que nous d\u00e9truisions les informations que nous d\u00e9tenons \u00e0 votre sujet, veuillez nous en informer. Cependant, veuillez noter que si vous utilisez l&rsquo;un de nos services qui vous oblige \u00e0 fournir des informations personnelles, la suppression de nos enregistrements peut signifier que vous devrez les soumettre \u00e0 nouveau pour continuer \u00e0 utiliser ces services.<\/p>\n<p>Nous pouvons divulguer des statistiques globales sur les visiteurs, les clients et les ventes de notre site afin de d\u00e9crire nos services \u00e0 des partenaires potentiels, des annonceurs et d&rsquo;autres tiers de bonne r\u00e9putation et \u00e0 d&rsquo;autres fins l\u00e9gales, mais ces statistiques ne contiendront aucune information d&rsquo;identification personnelle.<\/p>\n<p>&nbsp;<\/p>\n<p>Cookies et fichiers journaux<\/p>\n<p>Biscuits<\/p>\n<p>Les cookies sont des fichiers texte stock\u00e9s sur votre ordinateur, et accessibles uniquement aux sites Internet qui les cr\u00e9ent.<\/p>\n<p>Notre site Web peut de temps \u00e0 autre utiliser des cookies et des fichiers journaux \u00e0 des fins d&rsquo;analyse statistique, pour comprendre le comportement des utilisateurs, pour administrer le site, pour adapter les informations pr\u00e9sent\u00e9es \u00e0 un utilisateur en fonction de ses pr\u00e9f\u00e9rences et pour am\u00e9liorer l&rsquo;exp\u00e9rience utilisateur. Toute information recueillie par notre utilisation des cookies est compil\u00e9e sur une base agr\u00e9g\u00e9e et anonyme.<\/p>\n<p>La plupart des navigateurs Web acceptent automatiquement les cookies, mais vous pouvez supprimer ou d\u00e9sactiver les cookies en suivant les instructions sur\u00a0http:\/\/www.allaboutcookies.org\/manage-cookies\/. Veuillez noter que vous ne pourrez peut-\u00eatre pas profiter pleinement d&rsquo;un site Web si vous d\u00e9sactivez les cookies. Notre site Web utilise des cookies pour vous permettre de rester connect\u00e9, de sorte que la d\u00e9sactivation des cookies peut alt\u00e9rer votre exp\u00e9rience du service.<\/p>\n<p>De plus amples informations sur les cookies sont disponibles sur le site Web de l&rsquo;Interactive Advertising Bureau\u00a0www.allaboutcookies.org.<\/p>\n<p>&nbsp;<\/p>\n<p>Fichiers journaux<\/p>\n<p>Nos syst\u00e8mes collectent automatiquement des informations anonymes sur les visiteurs, notamment les adresses IP, le type de navigateur, la langue, ainsi que les heures et les dates des visites de pages Web. Les donn\u00e9es collect\u00e9es n&rsquo;incluent pas d&rsquo;informations personnellement identifiables et sont utilis\u00e9es, comme d\u00e9crit ci-dessus, \u00e0 des fins d&rsquo;analyse statistique, pour comprendre le comportement des utilisateurs et pour administrer le site.<\/p>\n<p>&nbsp;<\/p>\n<p>Google Analytics<\/p>\n<p>Notre site Web utilise Google Analytics, un service d&rsquo;analyse Web fourni par Google, Inc. (\u00ab\u00a0Google\u00a0\u00bb). Les informations g\u00e9n\u00e9r\u00e9es par le cookie concernant votre utilisation de notre site Web (y compris votre adresse IP) seront transmises et stock\u00e9es par Google sur des serveurs aux \u00c9tats-Unis. Google utilisera ces informations dans le but d&rsquo;\u00e9valuer votre utilisation de notre site Web, de compiler des rapports sur l&rsquo;activit\u00e9 du site Web pour les op\u00e9rateurs de site Web et de fournir d&rsquo;autres services li\u00e9s \u00e0 l&rsquo;activit\u00e9 du site Web et \u00e0 l&rsquo;utilisation d&rsquo;Internet. Google peut \u00e9galement transf\u00e9rer ces informations \u00e0 des tiers si n\u00e9cessaire.[\/vc_column_text][\/vc_column][\/vc_row]\n<\/div>","protected":false},"excerpt":{"rendered":"<p>[vc_row][vc_column][vc_column_text]Nous nous engageons \u00e0 garantir la protection de votre vie priv\u00e9e et nous nous&#8230;<\/p>\n","protected":false},"author":1,"featured_media":0,"parent":0,"menu_order":0,"comment_status":"closed","ping_status":"closed","template":"","meta":{"_acf_changed":false,"inline_featured_image":false,"footnotes":""},"acf":[],"_links":{"self":[{"href":"https:\/\/bluememories.gr\/fr\/wp-json\/wp\/v2\/pages\/5665536"}],"collection":[{"href":"https:\/\/bluememories.gr\/fr\/wp-json\/wp\/v2\/pages"}],"about":[{"href":"https:\/\/bluememories.gr\/fr\/wp-json\/wp\/v2\/types\/page"}],"author":[{"embeddable":true,"href":"https:\/\/bluememories.gr\/fr\/wp-json\/wp\/v2\/users\/1"}],"replies":[{"embeddable":true,"href":"https:\/\/bluememories.gr\/fr\/wp-json\/wp\/v2\/comments?post=5665536"}],"version-history":[{"count":0,"href":"https:\/\/bluememories.gr\/fr\/wp-json\/wp\/v2\/pages\/5665536\/revisions"}],"wp:attachment":[{"href":"https:\/\/bluememories.gr\/fr\/wp-json\/wp\/v2\/media?parent=5665536"}],"curies":[{"name":"wp","href":"https:\/\/api.w.org\/{rel}","templated":true}]}}