{"id":5673286,"date":"2024-03-14T02:33:12","date_gmt":"2024-03-13T23:33:12","guid":{"rendered":"https:\/\/bluememories.gr\/blue-memories_2\/"},"modified":"2024-03-14T02:33:12","modified_gmt":"2024-03-13T23:33:12","slug":"home_2-2","status":"publish","type":"page","link":"https:\/\/bluememories.gr\/fr\/","title":{"rendered":"BLUE MEMORIES"},"content":{"rendered":"<div class=\"wpb-content-wrapper\">[vc_row el_class=\u00a0\u00bbnorebro-bg-bottom-right\u00a0\u00bb][vc_column width=\u00a0\u00bb6\/12&Prime;][vc_empty_space height=\u00a0\u00bb80px\u00a0\u00bb el_class=\u00a0\u00bbnorebro-phone-space\u00a0\u00bb][vc_single_image image=\u00a0\u00bb5675033&Prime; img_size=\u00a0\u00bbfull\u00a0\u00bb][vc_empty_space height=\u00a0\u00bb60px\u00a0\u00bb el_class=\u00a0\u00bbnorebro-phone-space\u00a0\u00bb][\/vc_column][vc_column width=\u00a0\u00bb1\/12&Prime;][\/vc_column][vc_column width=\u00a0\u00bb5\/12&Prime;][vc_empty_space height=\u00a0\u00bb200px\u00a0\u00bb el_class=\u00a0\u00bbnorebro-phone-space\u00a0\u00bb]<div class=\"norebro-heading-sc heading nor-heading-xs text-left\"\n\tid=\"norebro-custom-69fafc0d2e2b7\" \n\t \n\t>\n\t\n\t\n\t\n\t<h4 class=\"title\">\n\t\t\u00c0 partir de la Ionienne, nous cr\u00e9ons des exp\u00e9riences bleues.\t<\/h4>\n\n\t\n\t\t\n<\/div>[vc_empty_space height=\u00a0\u00bb15px\u00a0\u00bb][vc_separator el_class=\u00a0\u00bbnorebro-separator dark left\u00a0\u00bb][vc_empty_space height=\u00a0\u00bb15px\u00a0\u00bb]<div class=\"norebro-text-sc \" \n\tid=\"norebro-custom-69fafc0d2e5e5\" \n\t \n\t>\n\n\t<p>Si vous r\u00eavez de naviguer en Gr\u00e8ce, vous \u00eates au bon endroit, l&rsquo;\u00e9quipe BlueMemories vous accueille sur la magnifique \u00eele de Lefkada. Si votre souhait est d&rsquo;explorer les mers grecques, nous sommes l\u00e0 pour y arriver.<\/p>\n\t\n<\/div>[\/vc_column][\/vc_row][vc_row content_placement=\u00a0\u00bbmiddle\u00a0\u00bb css=\u00a0\u00bb.vc_custom_1614434496647{background-color: #ffffff !important;}\u00a0\u00bb el_class=\u00a0\u00bbpadding-reset-left padding-reset-right\u00a0\u00bb][vc_column width=\u00a0\u00bb6\/12&Prime; css=\u00a0\u00bb.vc_custom_1614431028117{padding-top: 55px !important;padding-right: 60px !important;padding-bottom: 55px !important;padding-left: 60px !important;}\u00a0\u00bb el_class=\u00a0\u00bbcreative-info nor-top-layer\u00a0\u00bb]<div class=\"norebro-heading-sc heading text-left\"\n\tid=\"norebro-custom-69fafc0d2e794\" \n\t \n\t>\n\t\n\t\n\t\n\t<h4 class=\"title\">\n\t\tNous construisons des relations \u00e0 long terme avec nos clients.\t<\/h4>\n\n\t\n\t\t\n<\/div>[vc_empty_space height=\u00a0\u00bb15px\u00a0\u00bb][vc_separator el_class=\u00a0\u00bbnorebro-separator dark left\u00a0\u00bb][vc_empty_space height=\u00a0\u00bb15px\u00a0\u00bb]<div class=\"norebro-text-sc \" \n\tid=\"norebro-custom-69fafc0d2e891\" \n\t \n\t>\n\n\t<p>Notre objectif est de vous aider \u00e0 vivre votre r\u00eave. Notre \u00e9quipe propose une gamme compl\u00e8te d&rsquo;options de voiliers. Monocoque ou Catamaran avec ou sans \u00e9quipage sp\u00e9cialis\u00e9. Le choix t&rsquo;appartient! Apprenez \u00e0 conna\u00eetre la beaut\u00e9 de la mer Ionienne avec un confort et une s\u00e9curit\u00e9 absolus gr\u00e2ce \u00e0 notre entreprise.<\/p>\n\t\n<\/div>[\/vc_column][vc_column width=\u00a0\u00bb1\/12&Prime;][\/vc_column][vc_column width=\u00a0\u00bb5\/12&Prime;][vc_single_image image=\u00a0\u00bb5673278&Prime; img_size=\u00a0\u00bbfull\u00a0\u00bb][\/vc_column][\/vc_row][vc_row content_placement=\u00a0\u00bbmiddle\u00a0\u00bb css=\u00a0\u00bb.vc_custom_1614434496647{background-color: #ffffff !important;}\u00a0\u00bb el_class=\u00a0\u00bbpadding-reset-left padding-reset-right\u00a0\u00bb][vc_column css=\u00a0\u00bb.vc_custom_1614431028117{padding-top: 55px !important;padding-right: 60px !important;padding-bottom: 55px !important;padding-left: 60px !important;}\u00a0\u00bb el_class=\u00a0\u00bbcreative-info nor-top-layer\u00a0\u00bb]<div class=\"norebro-heading-sc heading text-left\"\n\tid=\"norebro-custom-69fafc0d2e983\" \n\t \n\t>\n\t\n\t\n\t\n\t<h4 class=\"title\">\n\t\tExplorez la Gr\u00e8ce avec la confiance d'un local.\t<\/h4>\n\n\t\n\t\t\n<\/div>[vc_empty_space height=\u00a0\u00bb15px\u00a0\u00bb][vc_separator el_class=\u00a0\u00bbnorebro-separator dark left\u00a0\u00bb][vc_empty_space height=\u00a0\u00bb15px\u00a0\u00bb]<div class=\"norebro-text-sc \" \n\tid=\"norebro-custom-69fafc0d2ea6e\" \n\t \n\t>\n\n\t<p>Des suggestions d&rsquo;itin\u00e9raires, des ports s\u00fbrs, des points d&rsquo;amarrage, des attractions uniques mais aussi de merveilleuses saveurs gastronomiques sont quelques-unes des informations que nous pouvons vous donner pour que vous puissiez vivre des vacances de voile inoubliables. L&rsquo;amour de la mer, le savoir-faire issu de 10 ans d&rsquo;exp\u00e9rience dans le domaine de la voile ainsi que notre flotte fiable sont les fondements de la relation de confiance que nous construisons avec nos clients!<\/p>\n\t\n<\/div>[\/vc_column][\/vc_row][vc_row content_placement=\u00a0\u00bbmiddle\u00a0\u00bb css=\u00a0\u00bb.vc_custom_1614434496647{background-color: #ffffff !important;}\u00a0\u00bb el_class=\u00a0\u00bbpadding-reset-left padding-reset-right\u00a0\u00bb][vc_column width=\u00a0\u00bb6\/12&Prime; css=\u00a0\u00bb.vc_custom_1614454867527{padding-top: 55px !important;padding-right: 60px !important;padding-bottom: 55px !important;padding-left: 60px !important;}\u00a0\u00bb]<div class=\"norebro-heading-sc heading text-left\"\n\tid=\"norebro-custom-69fafc0d2eb73\" \n\t \n\t>\n\t\n\t\n\t\n\t<h4 class=\"title\">\n\t\tNous contacter.\t<\/h4>\n\n\t\n\t\t\n<\/div>[vc_empty_space height=\u00a0\u00bb15px\u00a0\u00bb][vc_separator el_class=\u00a0\u00bbnorebro-separator dark left\u00a0\u00bb][vc_empty_space height=\u00a0\u00bb15px\u00a0\u00bb]<div class=\"norebro-text-sc \" \n\tid=\"norebro-custom-69fafc0d2ec59\" \n\t \n\t>\n\n\t<p>Il est donc temps de dire oui aux Blue Memories et aux vacances \u00e0 la voile en Gr\u00e8ce. Il ne vous reste plus qu&rsquo;\u00e0 choisir le bateau qui vous convient! On prend soin du reste!<\/p>\n\t\n<\/div>[vc_empty_space height=\u00a0\u00bb10px\u00a0\u00bb]<div class=\"norebro-button-sc btn-wrap text-left\" \n\tid=\"norebro-custom-69fafc0d2ed6e\"\n\t \n\t>\n\n\t<a href=\"https:\/\/bluememories.gr\/fr\/contact\/\" \n\t\tclass=\"btn  btn-outline\">\n\n\t\t\t\t\t<span class=\"icon ion-left ion-android-arrow-forward\"><\/span>\n\t\t\n\t\t\n\t\t<span class=\"text\">\n\t\t\tContacter\t\t<\/span>\n\n\t\t\n\t\t\n\t\t\t<\/a>\n\n<\/div>[\/vc_column][vc_column width=\u00a0\u00bb1\/12&Prime;][\/vc_column][vc_column width=\u00a0\u00bb5\/12&Prime;][vc_single_image image=\u00a0\u00bb5673281&Prime; img_size=\u00a0\u00bbfull\u00a0\u00bb el_class=\u00a0\u00bbfullwidth\u00a0\u00bb][\/vc_column][\/vc_row][vc_row][vc_column][vc_empty_space][\/vc_column][\/vc_row]\n<\/div>","protected":false},"excerpt":{"rendered":"<p>[vc_row el_class=\u00a0\u00bbnorebro-bg-bottom-right\u00a0\u00bb][vc_column width=\u00a0\u00bb6\/12&Prime;][vc_empty_space height=\u00a0\u00bb80px\u00a0\u00bb el_class=\u00a0\u00bbnorebro-phone-space\u00a0\u00bb][vc_single_image image=\u00a0\u00bb5675033&Prime; img_size=\u00a0\u00bbfull\u00a0\u00bb][vc_empty_space height=\u00a0\u00bb60px\u00a0\u00bb el_class=\u00a0\u00bbnorebro-phone-space\u00a0\u00bb][\/vc_column][vc_column width=\u00a0\u00bb1\/12&Prime;][\/vc_column][vc_column width=\u00a0\u00bb5\/12&Prime;][vc_empty_space height=\u00a0\u00bb200px\u00a0\u00bb el_class=\u00a0\u00bbnorebro-phone-space\u00a0\u00bb][vc_empty_space height=\u00a0\u00bb15px\u00a0\u00bb][vc_separator&#8230;<\/p>\n","protected":false},"author":1,"featured_media":0,"parent":0,"menu_order":0,"comment_status":"closed","ping_status":"closed","template":"","meta":{"_acf_changed":false,"inline_featured_image":false,"footnotes":""},"acf":[],"_links":{"self":[{"href":"https:\/\/bluememories.gr\/fr\/wp-json\/wp\/v2\/pages\/5673286"}],"collection":[{"href":"https:\/\/bluememories.gr\/fr\/wp-json\/wp\/v2\/pages"}],"about":[{"href":"https:\/\/bluememories.gr\/fr\/wp-json\/wp\/v2\/types\/page"}],"author":[{"embeddable":true,"href":"https:\/\/bluememories.gr\/fr\/wp-json\/wp\/v2\/users\/1"}],"replies":[{"embeddable":true,"href":"https:\/\/bluememories.gr\/fr\/wp-json\/wp\/v2\/comments?post=5673286"}],"version-history":[{"count":2,"href":"https:\/\/bluememories.gr\/fr\/wp-json\/wp\/v2\/pages\/5673286\/revisions"}],"predecessor-version":[{"id":5675036,"href":"https:\/\/bluememories.gr\/fr\/wp-json\/wp\/v2\/pages\/5673286\/revisions\/5675036"}],"wp:attachment":[{"href":"https:\/\/bluememories.gr\/fr\/wp-json\/wp\/v2\/media?parent=5673286"}],"curies":[{"name":"wp","href":"https:\/\/api.w.org\/{rel}","templated":true}]}}