{"id":5673409,"date":"2021-01-16T20:58:31","date_gmt":"2021-01-16T17:58:31","guid":{"rendered":"https:\/\/bluememories.gr\/covid-19\/"},"modified":"2021-02-28T16:34:20","modified_gmt":"2021-02-28T13:34:20","slug":"covid-19","status":"publish","type":"page","link":"https:\/\/bluememories.gr\/fr\/covid-19\/","title":{"rendered":"Politique Covid-19"},"content":{"rendered":"<div class=\"wpb-content-wrapper\">[vc_row][vc_column][vc_column_text]\n<div class=\"page\" title=\"Page 1\">\n<div class=\"page\" title=\"Page 1\">\n<p>En raison de la nouvelle situation mondiale qui pr\u00e9vaut avec Covid-19, nous vous assurons que la voile est le moyen le plus s\u00fbr de passer des vacances.<\/p>\n<p>Le soleil et la mer sont toujours un bon choix pour se d\u00e9tendre et profiter de vos vacances !!<\/p>\n<p>En Gr\u00e8ce et en particulier dans la r\u00e9gion Ionienne, vous pouvez voyager en toute s\u00e9curit\u00e9 et sans soucis!<\/p>\n<div class=\"layoutArea\">\n<div class=\"column\">\n<p>&nbsp;<\/p>\n<p><strong>Notre soci\u00e9t\u00e9 adh\u00e8re \u00e0 un protocole de sant\u00e9 strict Covid-19.<\/strong><\/p>\n<ul>\n<li>Chaque membre de notre \u00e9quipe garde la distance requise par les r\u00e8gles de sant\u00e9.<\/li>\n<li>Nos clients sont servis en fonction de leur heure d&rsquo;arriv\u00e9e sans cr\u00e9er de congestion.<\/li>\n<li>Les membres de l&rsquo;\u00e9quipe de nettoyage effectuent un nettoyage et une d\u00e9sinfection tr\u00e8s approfondis sur nos bateaux avec des nettoyeurs certifi\u00e9s pour le traitement du Covid -19, \u00e0 la fois avant\u00a0l&#8217;embarquement de notre invit\u00e9 et lors de son d\u00e9barquement du bateau.<\/li>\n<li>Dans nos bateaux \u00e0 l&rsquo;int\u00e9rieur, vous trouverez tous les \u00e9quipements n\u00e9cessaires tels que des d\u00e9sinfectants, des oxym\u00e8tres et des thermom\u00e8tres.<\/li>\n<li>La d\u00e9sinfection n\u00e9cessaire se fait dans le linge de lit par notre atelier et le visiteur trouve, lors de l&#8217;embarquement, un set par personne dans un emballage sp\u00e9cial.<\/li>\n<li>L&rsquo;utilisation d&rsquo;un masque pendant que vous \u00eates dans notre bureau ainsi que lors de l&rsquo;enregistrement est obligatoire tant par les membres de l&rsquo;entreprise que par nos clients!<\/li>\n<\/ul>\n<\/div>\n<\/div>\n<\/div>\n<div class=\"page\" title=\"Page 2\">\n<div class=\"layoutArea\">\n<div class=\"column\">\n<p>&nbsp;<\/p>\n<p><strong>Paiements tarifaires &#8211; Reprogrammation de voyage!<\/strong><\/p>\n<ul>\n<li>Si votre vol est annul\u00e9 en raison de Covid-19 ou si le pays \u00e0 partir duquel vous allez voler a une interdiction \u00e0 l&rsquo;\u00e9tranger, tout le montant pay\u00e9 est rembours\u00e9 au client, si la mise \u00e0 jour est effectu\u00e9e jusqu&rsquo;\u00e0 une semaine avant le d\u00e9but du tarif.<\/li>\n<li>Le client bas\u00e9 sur le gouvernement grec a le droit de choisir la version du bon afin de pouvoir reporter son voyage dans un d\u00e9lai d&rsquo;un an.<\/li>\n<\/ul>\n<\/div>\n<p>&nbsp;<\/p>\n<p>Nous vous souhaitons, \u00e0 vous et \u00e0 vos proches, des vacances de voile inoubliables et uniques !!!<\/p>\n<p>L&rsquo;\u00e9quipe BlueMemories.<\/p>\n<\/div>\n<\/div>\n<\/div>\n[\/vc_column_text][\/vc_column][\/vc_row]\n<\/div>","protected":false},"excerpt":{"rendered":"<p>[vc_row][vc_column][vc_column_text] En raison de la nouvelle situation mondiale qui pr\u00e9vaut avec Covid-19, nous vous&#8230;<\/p>\n","protected":false},"author":1,"featured_media":0,"parent":0,"menu_order":0,"comment_status":"closed","ping_status":"closed","template":"","meta":{"_acf_changed":false,"inline_featured_image":false,"footnotes":""},"acf":[],"_links":{"self":[{"href":"https:\/\/bluememories.gr\/fr\/wp-json\/wp\/v2\/pages\/5673409"}],"collection":[{"href":"https:\/\/bluememories.gr\/fr\/wp-json\/wp\/v2\/pages"}],"about":[{"href":"https:\/\/bluememories.gr\/fr\/wp-json\/wp\/v2\/types\/page"}],"author":[{"embeddable":true,"href":"https:\/\/bluememories.gr\/fr\/wp-json\/wp\/v2\/users\/1"}],"replies":[{"embeddable":true,"href":"https:\/\/bluememories.gr\/fr\/wp-json\/wp\/v2\/comments?post=5673409"}],"version-history":[{"count":0,"href":"https:\/\/bluememories.gr\/fr\/wp-json\/wp\/v2\/pages\/5673409\/revisions"}],"wp:attachment":[{"href":"https:\/\/bluememories.gr\/fr\/wp-json\/wp\/v2\/media?parent=5673409"}],"curies":[{"name":"wp","href":"https:\/\/api.w.org\/{rel}","templated":true}]}}