{"id":5675454,"date":"2021-04-17T17:58:17","date_gmt":"2021-04-17T14:58:17","guid":{"rendered":"https:\/\/bluememories.gr\/about\/"},"modified":"2024-04-04T20:34:52","modified_gmt":"2024-04-04T17:34:52","slug":"a-propos-de-nous","status":"publish","type":"page","link":"https:\/\/bluememories.gr\/fr\/a-propos-de-nous\/","title":{"rendered":"A propos de nous"},"content":{"rendered":"<div class=\"wpb-content-wrapper\">[vc_row css=\u00a0\u00bb.vc_custom_1710611256188{background-color: #ffffff !important;}\u00a0\u00bb][vc_column css=\u00a0\u00bb.vc_custom_1711414451614{padding-top: 55px !important;padding-right: 60px !important;padding-left: 60px !important;}\u00a0\u00bb el_class=\u00a0\u00bbcreative-info nor-top-layer\u00a0\u00bb]<div class=\"norebro-heading-sc heading text-left\"\n\tid=\"norebro-custom-69ea5c22efa30\" \n\t \n\t>\n\t\n\t\n\t\n\t<h4 class=\"title\">\n\t\tBlue Memories:\t<\/h4>\n\n\t\n\t\t\n<\/div>[vc_empty_space height=\u00a0\u00bb15px\u00a0\u00bb][vc_separator el_class=\u00a0\u00bbnorebro-separator dark left\u00a0\u00bb][vc_empty_space height=\u00a0\u00bb15px\u00a0\u00bb]<div class=\"norebro-text-sc \" \n\tid=\"norebro-custom-69ea5c22efca3\" \n\t \n\t>\n\n\t<p>Bienvenue \u00e0 Blue Memories, votre meilleur choix pour des aventures inoubliables dans la magique mer Ionienne, avec la toile de fond enchanteresse de Leucade ! Plongez dans les eaux turquoise de la c\u00f4te occidentale de la Gr\u00e8ce et d\u00e9couvrez certaines des destinations les plus pittoresques de la r\u00e9gion. Avec des ann\u00e9es d&rsquo;exp\u00e9rience et un engagement in\u00e9branlable en mati\u00e8re d&rsquo;hospitalit\u00e9, nous vous garantissons un plaisir et une d\u00e9tente in\u00e9gal\u00e9s pendant votre voyage.<\/p>\n<p>Commencez \u00e0 explorer les eaux turquoises et les tr\u00e9sors cach\u00e9s de la mer Ionienne gr\u00e2ce \u00e0 notre flotte vari\u00e9e de bateaux, des yachts de luxe aux charmants voiliers. Que vous recherchiez la tranquillit\u00e9 ou l&rsquo;aventure, Blue Memories est votre compagnon pour des moments inoubliables dans ce coin magique.<\/p>\n<p>D\u00e9couvrez les professionnels d\u00e9vou\u00e9s de Blue Memories, que la mer r\u00e9unit en une \u00e9quipe incroyable. De nos capitaines qualifi\u00e9s \u00e0 notre personnel d&rsquo;accueil, chaque membre contribue \u00e0 la r\u00e9ussite de votre voyage.<\/p>\n\t\n<\/div>[\/vc_column][\/vc_row][vc_row css=\u00a0\u00bb.vc_custom_1710611256188{background-color: #ffffff !important;}\u00a0\u00bb][vc_column css=\u00a0\u00bb.vc_custom_1711413782686{padding-top: 55px !important;padding-right: 60px !important;padding-left: 60px !important;}\u00a0\u00bb el_class=\u00a0\u00bbcreative-info nor-top-layer\u00a0\u00bb]<div class=\"norebro-heading-sc heading text-left\"\n\tid=\"norebro-custom-69ea5c22efe0c\" \n\t \n\t>\n\t\n\t\n\t\n\t<h4 class=\"title\">\n\t\tApprenez \u00e0 conna\u00eetre l'\u00e9quipe:\t<\/h4>\n\n\t\n\t\t\n<\/div>[vc_empty_space height=\u00a0\u00bb15px\u00a0\u00bb][vc_separator el_class=\u00a0\u00bbnorebro-separator dark left\u00a0\u00bb][vc_empty_space height=\u00a0\u00bb15px\u00a0\u00bb]<div class=\"norebro-text-sc \" \n\tid=\"norebro-custom-69ea5c22eff1e\" \n\t \n\t>\n\n\t<p>D\u00e9couvrez le c\u0153ur et l&rsquo;\u00e2me de Blue Memories. Notre \u00e9quipage d\u00e9vou\u00e9 de professionnels exp\u00e9riment\u00e9s partage un amour profond de la mer et un engagement in\u00e9branlable \u00e0 fournir un service in\u00e9gal\u00e9. De nos capitaines experts \u00e0 notre personnel d&rsquo;accueil attentif, chaque membre joue un r\u00f4le cl\u00e9 pour s&rsquo;assurer que votre voyage avec nous est vraiment exceptionnel. Forts d&rsquo;une connaissance approfondie des lieux et d&rsquo;un enthousiasme sinc\u00e8re, nous sommes l\u00e0 pour vous guider dans tous les aspects de votre aventure, en cr\u00e9ant des moments magiques tout au long du parcours.<\/p>\n\t\n<\/div><div class=\"norebro-team-member-sc team-member\"\n\tid=\"norebro-custom-69ea5c22f0005\"\n\t\t>\n\n\t<div class=\"image-wrap\">\n\t\t\t\t<div class=\"overlay\">\n\t\t\t<div class=\"content-center\">\n\t\t\t\t<div class=\"wrap\">\n\t\t\t\t\t\t\t\t\t\t\t<div class=\"socialbar small default\">\n\t\t\t\t\t\t\t\t\t\t\t\t\t\t\t\t\t\t\t\t\t\t\t\t\t\t\t\t\t\t\t\t\t\t\t\t\t\t\t\t\t\t\t\t\t\t\t\t\t\t\t\t\t\t\t\t\t\t\t\t\t\t\t\t\t\t\t\t\t\t\t\t\t\t\t\t\t\t\t\t\t\t\t\t\t\t\t\t\t\t\t\t\t\t\t\t\t\t\t\t\t\t\t\t\t\t\t\t\t\t\t\t\t\t\t\t\t\t\t\t\t\t\t\t\t\t\t\t\t\t\t\t\t\t\t\t\t\t\t\t\t\t\t\t\t\t\t\t\t\t\t\t\t\t\t\t\t\t\t\t\t\t\t\t\t\t\t\t\t\t\t\t\t\t\t\t\t\t\t\t<\/div>\n\n\t\t\t\t\t\t\t\t\t<\/div>\n\t\t\t<\/div>\n\t\t<\/div>\n\t<\/div>\n\n\t<h3 class=\"title\">Anastasis<\/h3>\n\t<p class=\"subtitle small uppercase\">CEO<\/p>\n\t\t\t<p class=\"description\">A la t\u00eate de Blue Memories se trouve notre estim\u00e9 PDG, Anastasis. Avec un esprit visionnaire et une poursuite incessante de l'excellence, Anastasis dirige notre \u00e9quipe avec d\u00e9vouement, s'assurant que chaque voyage avec Blue Memories est quelque chose d'extraordinaire. Sous sa direction, nous continuons \u00e0 innover et \u00e0 viser l'excellence, en \u00e9levant le niveau des voyages de luxe dans la mer Ionienne et au-del\u00e0.<\/p>\n\t\n<\/div>\n<div class=\"norebro-team-member-sc team-member\"\n\tid=\"norebro-custom-69ea5c22f0375\"\n\t\t>\n\n\t<div class=\"image-wrap\">\n\t\t\t\t<div class=\"overlay\">\n\t\t\t<div class=\"content-center\">\n\t\t\t\t<div class=\"wrap\">\n\t\t\t\t\t\t\t\t\t\t\t<div class=\"socialbar small default\">\n\t\t\t\t\t\t\t\t\t\t\t\t\t\t\t\t\t\t\t\t\t\t\t\t\t\t\t\t\t\t\t\t\t\t\t\t\t\t\t\t\t\t\t\t\t\t\t\t\t\t\t\t\t\t\t\t\t\t\t\t\t\t\t\t\t\t\t\t\t\t\t\t\t\t\t\t\t\t\t\t\t\t\t\t\t\t\t\t\t\t\t\t\t\t\t\t\t\t\t\t\t\t\t\t\t\t\t\t\t\t\t\t\t\t\t\t\t\t\t\t\t\t\t\t\t\t\t\t\t\t\t\t\t\t\t\t\t\t\t\t\t\t\t\t\t\t\t\t\t\t\t\t\t\t\t\t\t\t\t\t\t\t\t\t\t\t\t\t\t\t\t\t\t\t\t\t\t\t\t\t<\/div>\n\n\t\t\t\t\t\t\t\t\t<\/div>\n\t\t\t<\/div>\n\t\t<\/div>\n\t<\/div>\n\n\t<h3 class=\"title\">Stella<\/h3>\n\t<p class=\"subtitle small uppercase\">Charter Manager<\/p>\n\t\t\t<p class=\"description\">Faites la connaissance de Stella, la dynamique et d\u00e9vou\u00e9e responsable de la flotte et des charters. Avec son enthousiasme contagieux et son exp\u00e9rience in\u00e9gal\u00e9e dans le domaine des voyages de luxe, Stella est votre guide de confiance pour planifier l'exp\u00e9rience de navigation parfaite dans la mer Ionienne. De la s\u00e9lection des meilleurs bateaux \u00e0 l'organisation des excursions, le d\u00e9vouement de Stella garantit que chaque aspect de votre voyage...<\/p>\n\t\n<\/div>\n<div class=\"norebro-team-member-sc team-member\"\n\tid=\"norebro-custom-69ea5c22f04c9\"\n\t\t>\n\n\t<div class=\"image-wrap\">\n\t\t\t\t<div class=\"overlay\">\n\t\t\t<div class=\"content-center\">\n\t\t\t\t<div class=\"wrap\">\n\t\t\t\t\t\t\t\t\t\t\t<div class=\"socialbar small default\">\n\t\t\t\t\t\t\t\t\t\t\t\t\t\t\t\t\t\t\t\t\t\t\t\t\t\t\t\t\t\t\t\t\t\t\t\t\t\t\t\t\t\t\t\t\t\t\t\t\t\t\t\t\t\t\t\t\t\t\t\t\t\t\t\t\t\t\t\t\t\t\t\t\t\t\t\t\t\t\t\t\t\t\t\t\t\t\t\t\t\t\t\t\t\t\t\t\t\t\t\t\t\t\t\t\t\t\t\t\t\t\t\t\t\t\t\t\t\t\t\t\t\t\t\t\t\t\t\t\t\t\t\t\t\t\t\t\t\t\t\t\t\t\t\t\t\t\t\t\t\t\t\t\t\t\t\t\t\t\t\t\t\t\t\t\t\t\t\t\t\t\t\t\t\t\t\t\t\t\t\t<\/div>\n\n\t\t\t\t\t\t\t\t\t<\/div>\n\t\t\t<\/div>\n\t\t<\/div>\n\t<\/div>\n\n\t<h3 class=\"title\">John<\/h3>\n\t<p class=\"subtitle small uppercase\">Operation Department<\/p>\n\t\t\t<p class=\"description\">Au c\u0153ur de Blue Memories se trouve notre d\u00e9partement op\u00e9rationnel sp\u00e9cialis\u00e9, dirig\u00e9 par John. En planifiant et en ex\u00e9cutant m\u00e9ticuleusement chaque aspect de votre voyage, notre \u00e9quipe s'assure que chaque voyage se d\u00e9roule sans effort, permettant \u00e0 nos clients de se d\u00e9tendre et de profiter de la beaut\u00e9 de la mer Ionienne.<\/p>\n\t\n<\/div>\n<div class=\"norebro-team-member-sc team-member\"\n\tid=\"norebro-custom-69ea5c22f05b3\"\n\t\t>\n\n\t<div class=\"image-wrap\">\n\t\t\t\t<div class=\"overlay\">\n\t\t\t<div class=\"content-center\">\n\t\t\t\t<div class=\"wrap\">\n\t\t\t\t\t\t\t\t\t\t\t<div class=\"socialbar small default\">\n\t\t\t\t\t\t\t\t\t\t\t\t\t\t\t\t\t\t\t\t\t\t\t\t\t\t\t\t\t\t\t\t\t\t\t\t\t\t\t\t\t\t\t\t\t\t\t\t\t\t\t\t\t\t\t\t\t\t\t\t\t\t\t\t\t\t\t\t\t\t\t\t\t\t\t\t\t\t\t\t\t\t\t\t\t\t\t\t\t\t\t\t\t\t\t\t\t\t\t\t\t\t\t\t\t\t\t\t\t\t\t\t\t\t\t\t\t\t\t\t\t\t\t\t\t\t\t\t\t\t\t\t\t\t\t\t\t\t\t\t\t\t\t\t\t\t\t\t\t\t\t\t\t\t\t\t\t\t\t\t\t\t\t\t\t\t\t\t\t\t\t\t\t\t\t\t\t\t\t\t<\/div>\n\n\t\t\t\t\t\t\t\t\t<\/div>\n\t\t\t<\/div>\n\t\t<\/div>\n\t<\/div>\n\n\t<h3 class=\"title\"><\/h3>\n\t<p class=\"subtitle small uppercase\">Technical department<\/p>\n\t\t\t<p class=\"description\">En coulisses, notre d\u00e9partement technique est l'\u00e9pine dorsale de nos op\u00e9rations, assurant la s\u00e9curit\u00e9, l'efficacit\u00e9 et l'\u00e9tat impeccable de notre flotte. Sous la supervision d'une \u00e9quipe de techniciens et d'ing\u00e9nieurs qualifi\u00e9s, notre personnel veille \u00e0 ce que nos bateaux soient toujours en parfait \u00e9tat, pr\u00eats \u00e0 embarquer pour des voyages inoubliables \u00e0 tout moment.<\/p>\n\t\n<\/div>\n[\/vc_column][\/vc_row][vc_row css=\u00a0\u00bb.vc_custom_1710611256188{background-color: #ffffff !important;}\u00a0\u00bb][vc_column css=\u00a0\u00bb.vc_custom_1614431028117{padding-top: 55px !important;padding-right: 60px !important;padding-bottom: 55px !important;padding-left: 60px !important;}\u00a0\u00bb el_class=\u00a0\u00bbcreative-info nor-top-layer\u00a0\u00bb]<div class=\"norebro-heading-sc heading text-left\"\n\tid=\"norebro-custom-69ea5c22f068c\" \n\t \n\t>\n\t\n\t\n\t\n\t<h4 class=\"title\">\n\t\tLes aventures passionnantes commencent !\t<\/h4>\n\n\t\n\t\t\n<\/div>[vc_empty_space height=\u00a0\u00bb15px\u00a0\u00bb][vc_separator el_class=\u00a0\u00bbnorebro-separator dark left\u00a0\u00bb][vc_empty_space height=\u00a0\u00bb15px\u00a0\u00bb]<div class=\"norebro-text-sc \" \n\tid=\"norebro-custom-69ea5c22f0778\" \n\t \n\t>\n\n\t<p>Laissez Blue Memories vous offrir une exp\u00e9rience in\u00e9gal\u00e9e, o\u00f9 chaque d\u00e9tail est m\u00e9ticuleusement con\u00e7u pour que votre voyage soit unique.<\/p>\n\t\n<\/div>[\/vc_column][\/vc_row]\n<\/div>","protected":false},"excerpt":{"rendered":"<p>[vc_row css=\u00a0\u00bb.vc_custom_1710611256188{background-color: #ffffff !important;}\u00a0\u00bb][vc_column css=\u00a0\u00bb.vc_custom_1711414451614{padding-top: 55px !important;padding-right: 60px !important;padding-left: 60px !important;}\u00a0\u00bb el_class=\u00a0\u00bbcreative-info nor-top-layer\u00a0\u00bb][vc_empty_space height=\u00a0\u00bb15px\u00a0\u00bb][vc_separator&#8230;<\/p>\n","protected":false},"author":1,"featured_media":0,"parent":0,"menu_order":0,"comment_status":"closed","ping_status":"closed","template":"","meta":{"_acf_changed":false,"inline_featured_image":false,"footnotes":""},"acf":[],"_links":{"self":[{"href":"https:\/\/bluememories.gr\/fr\/wp-json\/wp\/v2\/pages\/5675454"}],"collection":[{"href":"https:\/\/bluememories.gr\/fr\/wp-json\/wp\/v2\/pages"}],"about":[{"href":"https:\/\/bluememories.gr\/fr\/wp-json\/wp\/v2\/types\/page"}],"author":[{"embeddable":true,"href":"https:\/\/bluememories.gr\/fr\/wp-json\/wp\/v2\/users\/1"}],"replies":[{"embeddable":true,"href":"https:\/\/bluememories.gr\/fr\/wp-json\/wp\/v2\/comments?post=5675454"}],"version-history":[{"count":7,"href":"https:\/\/bluememories.gr\/fr\/wp-json\/wp\/v2\/pages\/5675454\/revisions"}],"predecessor-version":[{"id":5675457,"href":"https:\/\/bluememories.gr\/fr\/wp-json\/wp\/v2\/pages\/5675454\/revisions\/5675457"}],"wp:attachment":[{"href":"https:\/\/bluememories.gr\/fr\/wp-json\/wp\/v2\/media?parent=5675454"}],"curies":[{"name":"wp","href":"https:\/\/api.w.org\/{rel}","templated":true}]}}