{"id":5675955,"date":"2024-03-25T23:23:23","date_gmt":"2024-03-25T20:23:23","guid":{"rendered":"https:\/\/bluememories.gr\/destinations\/"},"modified":"2024-03-26T04:07:06","modified_gmt":"2024-03-26T01:07:06","slug":"destinations","status":"publish","type":"page","link":"https:\/\/bluememories.gr\/fr\/destinations\/","title":{"rendered":"Destinations"},"content":{"rendered":"<div class=\"wpb-content-wrapper\">[vc_row css=\u00a0\u00bb.vc_custom_1710611256188{background-color: #ffffff !important;}\u00a0\u00bb][vc_column css=\u00a0\u00bb.vc_custom_1711397092201{padding-top: 55px !important;padding-right: 60px !important;padding-left: 60px !important;}\u00a0\u00bb el_class=\u00a0\u00bbcreative-info nor-top-layer\u00a0\u00bb]<div class=\"norebro-heading-sc heading text-left\"\n\tid=\"norebro-custom-69ea5c5f898e1\" \n\t \n\t>\n\t\n\t\n\t\n\t<h4 class=\"title\">\n\t\tObtenir, des exp\u00e9riences inoubliables\t<\/h4>\n\n\t\n\t\t\n<\/div>[vc_empty_space height=\u00a0\u00bb15px\u00a0\u00bb][vc_separator el_class=\u00a0\u00bbnorebro-separator dark left\u00a0\u00bb][vc_empty_space height=\u00a0\u00bb15px\u00a0\u00bb]<div class=\"norebro-text-sc \" \n\tid=\"norebro-custom-69ea5c5f89b71\" \n\t \n\t>\n\n\t<p>Si vous cherchez la destination id\u00e9ale pour vivre une exp\u00e9rience inoubliable dans la mer Ionienne, il n&rsquo;y a pas de meilleur choix que ses \u00eeles enchanteresses. Des plages d&rsquo;un bleu profond aux villages pittoresques en passant par une histoire riche, chaque \u00eele poss\u00e8de un charme unique et offre des exp\u00e9riences inoubliables \u00e0 tous les voyageurs. Explorez leurs paysages enchanteurs, savourez les saveurs locales et laissez-vous s\u00e9duire par le monde magique unique des \u00eeles Ioniennes. D\u00e9couvrez la beaut\u00e9 et la diversit\u00e9 de cette r\u00e9gion exceptionnelle et laissez-vous transporter dans un monde de r\u00eave.<\/p>\n\t\n<\/div>[\/vc_column][\/vc_row][vc_row][vc_column]<div class=\"norebro-split-screen-sc norebro-splitscreen\"\n\tid=\"norebro-custom-69ea5c5f89d87\" \n\tdata-norebro-splitscreen=\"true\" \n\tdata-options='{\"nav\":true,\"navContainerClass\":\"slider-nav\",\"dots\":true,\"dotsClass\":\"slider-vertical-numbers\",\"navClass\":[\"up\",\"down\"],\"mousewheel\":false}' \n\t data-arg-splitscreen-nav=\"true\">\n\n\t<div class=\"ms-left\">\n\n\t<div class=\"ms-section\" id=\"norebro-custom-69ea5c5f8a1ed\">\n\n\t<div class=\"norebro-heading-sc heading text-left\"\n\tid=\"norebro-custom-69ea5c5f8a42d\" \n\t \n\t>\n\t\n\t\n\t\n\t<h4 class=\"title\">\n\t\tLeucade\t<\/h4>\n\n\t\n\t\t\n<\/div>[vc_empty_space height=\u00a0\u00bb15px\u00a0\u00bb][vc_separator el_class=\u00a0\u00bbnorebro-separator dark left\u00a0\u00bb][vc_empty_space height=\u00a0\u00bb15px\u00a0\u00bb]<div class=\"norebro-text-sc \" \n\tid=\"norebro-custom-69ea5c5f8a594\" \n\t \n\t>\n\n\t<p>Leucade, le joyau de la mer Ionienne, vous accueille dans un monde d&rsquo;une beaut\u00e9 et d&rsquo;un charme uniques. Cette \u00eele de la c\u00f4te ouest de la Gr\u00e8ce offre des plages aux eaux cristallines, des falaises abruptes qui plongent dans la mer et de magnifiques paysages verdoyants. D\u00e9couvrez l&rsquo;atmosph\u00e8re vibrante de la capitale, ses villages tranquilles et sa riche histoire. Des aventures dans la nature \u00e0 la d\u00e9tente sur les plages, il y en a pour tous les go\u00fbts \u00e0 Leucade. D\u00e9couvrez sa magie et laissez-vous s\u00e9duire par sa beaut\u00e9 in\u00e9gal\u00e9e.<\/p>\n\t\n<\/div>\n<\/div>\n<div class=\"ms-section\" id=\"norebro-custom-69ea5c5f8a6cc\">\n\n\t<div class=\"norebro-heading-sc heading text-left\"\n\tid=\"norebro-custom-69ea5c5f8a844\" \n\t \n\t>\n\t\n\t\n\t\n\t<h4 class=\"title\">\n\t\tKalamos & Kastos\t<\/h4>\n\n\t\n\t\t\n<\/div>[vc_empty_space height=\u00a0\u00bb15px\u00a0\u00bb][vc_separator el_class=\u00a0\u00bbnorebro-separator dark left\u00a0\u00bb][vc_empty_space height=\u00a0\u00bb15px\u00a0\u00bb]<div class=\"norebro-text-sc \" \n\tid=\"norebro-custom-69ea5c5f8a9a1\" \n\t \n\t>\n\n\t<p>Kalamos et Kastos, cach\u00e9es dans la mer Ionienne, offrent une destination paisible, loin de l&rsquo;agitation de la vie. Ces deux joyaux du littoral grec pr\u00e9sentent une beaut\u00e9 naturelle intacte, des villages pittoresques et un sentiment de s\u00e9r\u00e9nit\u00e9 qui vous envahit d\u00e8s votre arriv\u00e9e. Kalamos, avec ses paysages verdoyants et ses plages accueillantes, vous invite \u00e0 explorer ses sentiers sinueux, tandis que Kastos s\u00e9duit par ses ports de p\u00eache pittoresques et son architecture traditionnelle.<\/p>\n\t\n<\/div>\n<\/div>\n<div class=\"ms-section\" id=\"norebro-custom-69ea5c5f8aad9\">\n\n\t<div class=\"norebro-heading-sc heading text-left\"\n\tid=\"norebro-custom-69ea5c5f8ac4f\" \n\t \n\t>\n\t\n\t\n\t\n\t<h4 class=\"title\">\n\t\tCorfou\t<\/h4>\n\n\t\n\t\t\n<\/div>[vc_empty_space height=\u00a0\u00bb15px\u00a0\u00bb][vc_separator el_class=\u00a0\u00bbnorebro-separator dark left\u00a0\u00bb][vc_empty_space height=\u00a0\u00bb15px\u00a0\u00bb]<div class=\"norebro-text-sc \" \n\tid=\"norebro-custom-69ea5c5f8ada9\" \n\t \n\t>\n\n\t<p>L'\u00a0\u00bb\u00eele d&rsquo;\u00e9meraude\u00a0\u00bb de la mer Ionienne, Corfou, vous accueille avec sa beaut\u00e9 majestueuse et sa culture anim\u00e9e. Des b\u00e2timents historiques de la vieille ville aux plages magnifiques et aux villages traditionnels, Corfou offre une vari\u00e9t\u00e9 d&rsquo;exp\u00e9riences pour chaque visiteur. Explorez la richesse de la nature, go\u00fbtez \u00e0 la cuisine locale et d\u00e9couvrez la magie de cette \u00eele unique.<\/p>\n\t\n<\/div>\n<\/div>\n<div class=\"ms-section\" id=\"norebro-custom-69ea5c5f8aed7\">\n\n\t<div class=\"norebro-heading-sc heading text-left\"\n\tid=\"norebro-custom-69ea5c5f8b053\" \n\t \n\t>\n\t\n\t\n\t\n\t<h4 class=\"title\">\n\t\tC\u00e9phalonie\t<\/h4>\n\n\t\n\t\t\n<\/div>[vc_empty_space height=\u00a0\u00bb15px\u00a0\u00bb][vc_separator el_class=\u00a0\u00bbnorebro-separator dark left\u00a0\u00bb][vc_empty_space height=\u00a0\u00bb15px\u00a0\u00bb]<div class=\"norebro-text-sc \" \n\tid=\"norebro-custom-69ea5c5f8b1a8\" \n\t \n\t>\n\n\t<p>La C\u00e9phalonie, avec ses plages impressionnantes, ses villages pittoresques et ses paysages \u00e9poustouflants, est un v\u00e9ritable paradis pour les visiteurs. D\u00e9couvrez la magie de ses traditions uniques, explorez ses tr\u00e9sors naturels uniques et laissez-vous s\u00e9duire par sa s\u00e9r\u00e9nit\u00e9 et sa beaut\u00e9.<\/p>\n\t\n<\/div>\n<\/div>\n<div class=\"ms-section\" id=\"norebro-custom-69ea5c5f8b2da\">\n\n\t<div class=\"norebro-heading-sc heading text-left\"\n\tid=\"norebro-custom-69ea5c5f8b457\" \n\t \n\t>\n\t\n\t\n\t\n\t<h4 class=\"title\">\n\t\tPaxos et Antipaxos\t<\/h4>\n\n\t\n\t\t\n<\/div>[vc_empty_space height=\u00a0\u00bb15px\u00a0\u00bb][vc_separator el_class=\u00a0\u00bbnorebro-separator dark left\u00a0\u00bb][vc_empty_space height=\u00a0\u00bb15px\u00a0\u00bb]<div class=\"norebro-text-sc \" \n\tid=\"norebro-custom-69ea5c5f8b59d\" \n\t \n\t>\n\n\t<p>Paxos et Antipaxos, les joyaux jumeaux de la mer Ionienne, offrent une destination tranquille parmi les c\u00f4tes spectaculaires de la Gr\u00e8ce. Paxos, avec ses eaux \u00e9meraude et ses villages pittoresques, respire la s\u00e9r\u00e9nit\u00e9 et la beaut\u00e9 naturelle. Explorez les sentiers de bougainvilliers, d\u00e9gustez les fruits de mer locaux ou d\u00e9tendez-vous sur des plages immacul\u00e9es. Antipaxi, \u00e0 une courte distance en bateau, offre des plages isol\u00e9es id\u00e9ales pour la baignade et les bains de soleil.<\/p>\n\t\n<\/div>\n<\/div>\n<div class=\"ms-section\" id=\"norebro-custom-69ea5c5f8b6d5\">\n\n\t<div class=\"norebro-heading-sc heading text-left\"\n\tid=\"norebro-custom-69ea5c5f8b844\" \n\t \n\t>\n\t\n\t\n\t\n\t<h4 class=\"title\">\n\t\tZante\t<\/h4>\n\n\t\n\t\t\n<\/div>[vc_empty_space height=\u00a0\u00bb15px\u00a0\u00bb][vc_separator el_class=\u00a0\u00bbnorebro-separator dark left\u00a0\u00bb][vc_empty_space height=\u00a0\u00bb15px\u00a0\u00bb]<div class=\"norebro-text-sc \" \n\tid=\"norebro-custom-69ea5c5f8b98a\" \n\t \n\t>\n\n\t<p>Zante, avec ses plages \u00e9blouissantes, ses villages pittoresques et le bleu profond de la mer Ionienne, est l&rsquo;une des destinations les plus populaires de la mer Ionienne. D\u00e9couvrez la beaut\u00e9 \u00e9poustouflante de la nature de l&rsquo;\u00eele, go\u00fbtez aux d\u00e9licieuses saveurs locales et vivez des exp\u00e9riences uniques dans un environnement v\u00e9ritablement exotique.<\/p>\n\t\n<\/div>\n<\/div>\n<div class=\"ms-section\" id=\"norebro-custom-69ea5c5f8bab7\">\n\n\t<div class=\"norebro-heading-sc heading text-left\"\n\tid=\"norebro-custom-69ea5c5f8bc26\" \n\t \n\t>\n\t\n\t\n\t\n\t<h4 class=\"title\">\n\t\tIthaque\t<\/h4>\n\n\t\n\t\t\n<\/div>[vc_empty_space height=\u00a0\u00bb15px\u00a0\u00bb][vc_separator el_class=\u00a0\u00bbnorebro-separator dark left\u00a0\u00bb][vc_empty_space height=\u00a0\u00bb15px\u00a0\u00bb]<div class=\"norebro-text-sc \" \n\tid=\"norebro-custom-69ea5c5f8bd75\" \n\t \n\t>\n\n\t<p>Ithaque, avec son histoire mythique et son atmosph\u00e8re insulaire authentique, est la destination id\u00e9ale pour d\u00e9couvrir l&rsquo;hospitalit\u00e9 grecque et le mode de vie traditionnel. Des plages magnifiques aux villages pittoresques en passant par les sites arch\u00e9ologiques, Ithaque allie la beaut\u00e9 naturelle \u00e0 un riche patrimoine culturel.<\/p>\n\t\n<\/div>\n<\/div>\n\n<\/div><div class=\"ms-right\">\n\n\t<div class=\"ms-section\" id=\"norebro-custom-69ea5c5f8c050\">\n\n\t[vc_single_image image=\u00a0\u00bb5675882&Prime; img_size=\u00a0\u00bbfull\u00a0\u00bb]\n<\/div>\n<div class=\"ms-section\" id=\"norebro-custom-69ea5c5f8c188\">\n\n\t[vc_single_image image=\u00a0\u00bb5675917&Prime; img_size=\u00a0\u00bbfull\u00a0\u00bb]\n<\/div>\n<div class=\"ms-section\" id=\"norebro-custom-69ea5c5f8c2b7\">\n\n\t[vc_single_image image=\u00a0\u00bb5675911&Prime; img_size=\u00a0\u00bbfull\u00a0\u00bb]\n<\/div>\n<div class=\"ms-section\" id=\"norebro-custom-69ea5c5f8c3ff\">\n\n\t[vc_single_image image=\u00a0\u00bb5675914&Prime; img_size=\u00a0\u00bbfull\u00a0\u00bb]\n<\/div>\n<div class=\"ms-section\" id=\"norebro-custom-69ea5c5f8c52d\">\n\n\t[vc_single_image image=\u00a0\u00bb5675920&Prime; img_size=\u00a0\u00bbfull\u00a0\u00bb]\n<\/div>\n<div class=\"ms-section\" id=\"norebro-custom-69ea5c5f8c65b\">\n\n\t[vc_single_image image=\u00a0\u00bb5675917&Prime; img_size=\u00a0\u00bbfull\u00a0\u00bb]\n<\/div>\n<div class=\"ms-section\" id=\"norebro-custom-69ea5c5f8c79d\">\n\n\t[vc_single_image image=\u00a0\u00bb5676081&Prime; img_size=\u00a0\u00bbfull\u00a0\u00bb]\n<\/div>\n\n<\/div>\n<\/div>[\/vc_column][\/vc_row][vc_row css=\u00a0\u00bb.vc_custom_1710611256188{background-color: #ffffff !important;}\u00a0\u00bb][vc_column css=\u00a0\u00bb.vc_custom_1711397092201{padding-top: 55px !important;padding-right: 60px !important;padding-left: 60px !important;}\u00a0\u00bb el_class=\u00a0\u00bbcreative-info nor-top-layer\u00a0\u00bb][vc_empty_space height=\u00a0\u00bb15px\u00a0\u00bb]<div class=\"norebro-heading-sc heading text-left\"\n\tid=\"norebro-custom-69ea5c5f8c928\" \n\t \n\t>\n\t\n\t\n\t\n\t<h4 class=\"title\">\n\t\tR\u00e9servez votre prochain voyage dans la mer Ionienne !\t<\/h4>\n\n\t\n\t\t\n<\/div>[vc_empty_space height=\u00a0\u00bb15px\u00a0\u00bb][vc_separator el_class=\u00a0\u00bbnorebro-separator dark left\u00a0\u00bb][vc_empty_space height=\u00a0\u00bb15px\u00a0\u00bb]<div class=\"norebro-text-sc \" \n\tid=\"norebro-custom-69ea5c5f8ca68\" \n\t \n\t>\n\n\t<p>Il est temps de franchir une nouvelle \u00e9tape dans votre voyage vers des exp\u00e9riences inoubliables. D\u00e9couvrez les destinations enchanteresses de la mer Ionienne et pr\u00e9parez-vous \u00e0 vivre des moments qui resteront ind\u00e9l\u00e9biles dans votre m\u00e9moire. R\u00e9servez votre voyage d\u00e8s maintenant et pr\u00e9parez-vous \u00e0 vivre une aventure inoubliable !<\/p>\n\t\n<\/div>[vc_empty_space height=\u00a0\u00bb55px\u00a0\u00bb][\/vc_column][\/vc_row]\n<\/div>","protected":false},"excerpt":{"rendered":"<p>[vc_row css=\u00a0\u00bb.vc_custom_1710611256188{background-color: #ffffff !important;}\u00a0\u00bb][vc_column css=\u00a0\u00bb.vc_custom_1711397092201{padding-top: 55px !important;padding-right: 60px !important;padding-left: 60px !important;}\u00a0\u00bb el_class=\u00a0\u00bbcreative-info nor-top-layer\u00a0\u00bb][vc_empty_space height=\u00a0\u00bb15px\u00a0\u00bb][vc_separator&#8230;<\/p>\n","protected":false},"author":1,"featured_media":0,"parent":0,"menu_order":0,"comment_status":"closed","ping_status":"closed","template":"","meta":{"_acf_changed":false,"inline_featured_image":false,"footnotes":""},"acf":[],"_links":{"self":[{"href":"https:\/\/bluememories.gr\/fr\/wp-json\/wp\/v2\/pages\/5675955"}],"collection":[{"href":"https:\/\/bluememories.gr\/fr\/wp-json\/wp\/v2\/pages"}],"about":[{"href":"https:\/\/bluememories.gr\/fr\/wp-json\/wp\/v2\/types\/page"}],"author":[{"embeddable":true,"href":"https:\/\/bluememories.gr\/fr\/wp-json\/wp\/v2\/users\/1"}],"replies":[{"embeddable":true,"href":"https:\/\/bluememories.gr\/fr\/wp-json\/wp\/v2\/comments?post=5675955"}],"version-history":[{"count":4,"href":"https:\/\/bluememories.gr\/fr\/wp-json\/wp\/v2\/pages\/5675955\/revisions"}],"predecessor-version":[{"id":5676088,"href":"https:\/\/bluememories.gr\/fr\/wp-json\/wp\/v2\/pages\/5675955\/revisions\/5676088"}],"wp:attachment":[{"href":"https:\/\/bluememories.gr\/fr\/wp-json\/wp\/v2\/media?parent=5675955"}],"curies":[{"name":"wp","href":"https:\/\/api.w.org\/{rel}","templated":true}]}}